{"id":91,"date":"2021-01-29T17:50:29","date_gmt":"2021-01-29T15:50:29","guid":{"rendered":"http:\/\/neu.knirpsknips.de\/?page_id=91"},"modified":"2021-02-16T10:18:45","modified_gmt":"2021-02-16T08:18:45","slug":"kita-und-schulfotografie","status":"publish","type":"page","link":"https:\/\/knirpsknips.de\/?page_id=91","title":{"rendered":"Kita- und Schulfotografie"},"content":{"rendered":"\n<p>Seit vielen Jahren und immer sehr gerne fotografiere ich in Schulen und Kitas Kinder von klein bis gro\u00df. Ob ganz klassisch in meinem mobilen Studio, drau\u00dfen im Spiel oder bei einem Fotoausflug im Wald &#8211; ich gehe gerne auf Ihre W\u00fcnsche ein!<\/p>\n\n\n\n<figure class=\"wp-block-gallery columns-3 is-cropped wp-block-gallery-1 is-layout-flex wp-block-gallery-is-layout-flex\"><ul class=\"blocks-gallery-grid\"><li class=\"blocks-gallery-item\"><figure><img loading=\"lazy\" decoding=\"async\" width=\"740\" height=\"1024\" src=\"https:\/\/neu.knirpsknips.de\/wp-content\/uploads\/2021\/02\/BRA-2450-740x1024.jpg\" alt=\"\" data-id=\"753\" data-full-url=\"https:\/\/neu.knirpsknips.de\/wp-content\/uploads\/2021\/02\/BRA-2450-scaled.jpg\" data-link=\"https:\/\/neu.knirpsknips.de\/?attachment_id=753\" class=\"wp-image-753\" srcset=\"https:\/\/knirpsknips.de\/wp-content\/uploads\/2021\/02\/BRA-2450-740x1024.jpg 740w, https:\/\/knirpsknips.de\/wp-content\/uploads\/2021\/02\/BRA-2450-217x300.jpg 217w, https:\/\/knirpsknips.de\/wp-content\/uploads\/2021\/02\/BRA-2450-768x1063.jpg 768w, https:\/\/knirpsknips.de\/wp-content\/uploads\/2021\/02\/BRA-2450-1109x1536.jpg 1109w, https:\/\/knirpsknips.de\/wp-content\/uploads\/2021\/02\/BRA-2450-1479x2048.jpg 1479w, https:\/\/knirpsknips.de\/wp-content\/uploads\/2021\/02\/BRA-2450-973x1347.jpg 973w, https:\/\/knirpsknips.de\/wp-content\/uploads\/2021\/02\/BRA-2450-508x703.jpg 508w, https:\/\/knirpsknips.de\/wp-content\/uploads\/2021\/02\/BRA-2450-scaled.jpg 1849w\" sizes=\"(max-width: 740px) 100vw, 740px\" \/><\/figure><\/li><li class=\"blocks-gallery-item\"><figure><img loading=\"lazy\" decoding=\"async\" width=\"740\" height=\"1024\" src=\"https:\/\/neu.knirpsknips.de\/wp-content\/uploads\/2021\/02\/BRA-2435-740x1024.jpg\" alt=\"\" data-id=\"751\" data-full-url=\"https:\/\/neu.knirpsknips.de\/wp-content\/uploads\/2021\/02\/BRA-2435-scaled.jpg\" data-link=\"https:\/\/neu.knirpsknips.de\/?attachment_id=751\" class=\"wp-image-751\" srcset=\"https:\/\/knirpsknips.de\/wp-content\/uploads\/2021\/02\/BRA-2435-740x1024.jpg 740w, https:\/\/knirpsknips.de\/wp-content\/uploads\/2021\/02\/BRA-2435-217x300.jpg 217w, https:\/\/knirpsknips.de\/wp-content\/uploads\/2021\/02\/BRA-2435-768x1063.jpg 768w, https:\/\/knirpsknips.de\/wp-content\/uploads\/2021\/02\/BRA-2435-1109x1536.jpg 1109w, https:\/\/knirpsknips.de\/wp-content\/uploads\/2021\/02\/BRA-2435-1479x2048.jpg 1479w, https:\/\/knirpsknips.de\/wp-content\/uploads\/2021\/02\/BRA-2435-973x1347.jpg 973w, https:\/\/knirpsknips.de\/wp-content\/uploads\/2021\/02\/BRA-2435-508x703.jpg 508w, https:\/\/knirpsknips.de\/wp-content\/uploads\/2021\/02\/BRA-2435-scaled.jpg 1849w\" sizes=\"(max-width: 740px) 100vw, 740px\" \/><\/figure><\/li><li class=\"blocks-gallery-item\"><figure><img loading=\"lazy\" decoding=\"async\" width=\"740\" height=\"1024\" src=\"https:\/\/neu.knirpsknips.de\/wp-content\/uploads\/2021\/02\/BRA-2461-740x1024.jpg\" alt=\"\" data-id=\"756\" data-full-url=\"https:\/\/neu.knirpsknips.de\/wp-content\/uploads\/2021\/02\/BRA-2461-scaled.jpg\" data-link=\"https:\/\/neu.knirpsknips.de\/?attachment_id=756\" class=\"wp-image-756\" srcset=\"https:\/\/knirpsknips.de\/wp-content\/uploads\/2021\/02\/BRA-2461-740x1024.jpg 740w, https:\/\/knirpsknips.de\/wp-content\/uploads\/2021\/02\/BRA-2461-217x300.jpg 217w, https:\/\/knirpsknips.de\/wp-content\/uploads\/2021\/02\/BRA-2461-768x1063.jpg 768w, https:\/\/knirpsknips.de\/wp-content\/uploads\/2021\/02\/BRA-2461-1109x1536.jpg 1109w, https:\/\/knirpsknips.de\/wp-content\/uploads\/2021\/02\/BRA-2461-1479x2048.jpg 1479w, https:\/\/knirpsknips.de\/wp-content\/uploads\/2021\/02\/BRA-2461-973x1347.jpg 973w, https:\/\/knirpsknips.de\/wp-content\/uploads\/2021\/02\/BRA-2461-508x703.jpg 508w, https:\/\/knirpsknips.de\/wp-content\/uploads\/2021\/02\/BRA-2461-scaled.jpg 1849w\" sizes=\"(max-width: 740px) 100vw, 740px\" \/><\/figure><\/li><\/ul><\/figure>\n\n\n\n<p>Nachdem wir einen Termin vereinbart haben, erh\u00e4lt die Kita\/Schule 14 Tage vor dem Fototag Unterlagen von mir zum Aush\u00e4ngen\/Aush\u00e4ndigen. Das sind Infos zu Preisen, dem Datenschutz, zu mir und meiner Arbeit und eine Unterschriftenliste auf der die Eltern erkl\u00e4ren die Datenschutzinformation gelesen zu haben und einverstanden sind, dass ich ihr Kind fotografiere.<\/p>\n\n\n\n<p>Dann wird entspannt und mit Spa\u00df fotografiert!<\/p>\n\n\n\n<div class=\"wp-block-group\"><div class=\"wp-block-group__inner-container is-layout-flow wp-block-group-is-layout-flow\">\n<figure class=\"wp-block-gallery columns-2 is-cropped wp-block-gallery-2 is-layout-flex wp-block-gallery-is-layout-flex\"><ul class=\"blocks-gallery-grid\"><li class=\"blocks-gallery-item\"><figure><img loading=\"lazy\" decoding=\"async\" width=\"740\" height=\"1024\" src=\"https:\/\/neu.knirpsknips.de\/wp-content\/uploads\/2021\/02\/DSC_2632-740x1024.jpg\" alt=\"\" data-id=\"681\" data-full-url=\"https:\/\/neu.knirpsknips.de\/wp-content\/uploads\/2021\/02\/DSC_2632-scaled.jpg\" data-link=\"https:\/\/neu.knirpsknips.de\/?attachment_id=681\" class=\"wp-image-681\" srcset=\"https:\/\/knirpsknips.de\/wp-content\/uploads\/2021\/02\/DSC_2632-740x1024.jpg 740w, https:\/\/knirpsknips.de\/wp-content\/uploads\/2021\/02\/DSC_2632-217x300.jpg 217w, https:\/\/knirpsknips.de\/wp-content\/uploads\/2021\/02\/DSC_2632-768x1063.jpg 768w, https:\/\/knirpsknips.de\/wp-content\/uploads\/2021\/02\/DSC_2632-1109x1536.jpg 1109w, https:\/\/knirpsknips.de\/wp-content\/uploads\/2021\/02\/DSC_2632-1479x2048.jpg 1479w, https:\/\/knirpsknips.de\/wp-content\/uploads\/2021\/02\/DSC_2632-973x1347.jpg 973w, https:\/\/knirpsknips.de\/wp-content\/uploads\/2021\/02\/DSC_2632-508x703.jpg 508w, https:\/\/knirpsknips.de\/wp-content\/uploads\/2021\/02\/DSC_2632-scaled.jpg 1849w\" sizes=\"(max-width: 740px) 100vw, 740px\" \/><\/figure><\/li><li class=\"blocks-gallery-item\"><figure><img loading=\"lazy\" decoding=\"async\" width=\"1024\" height=\"1024\" src=\"https:\/\/neu.knirpsknips.de\/wp-content\/uploads\/2021\/02\/DSC_2610-1024x1024.jpg\" alt=\"\" data-id=\"680\" data-full-url=\"https:\/\/neu.knirpsknips.de\/wp-content\/uploads\/2021\/02\/DSC_2610-scaled.jpg\" data-link=\"https:\/\/neu.knirpsknips.de\/?attachment_id=680\" class=\"wp-image-680\" srcset=\"https:\/\/knirpsknips.de\/wp-content\/uploads\/2021\/02\/DSC_2610-1024x1024.jpg 1024w, https:\/\/knirpsknips.de\/wp-content\/uploads\/2021\/02\/DSC_2610-300x300.jpg 300w, https:\/\/knirpsknips.de\/wp-content\/uploads\/2021\/02\/DSC_2610-150x150.jpg 150w, https:\/\/knirpsknips.de\/wp-content\/uploads\/2021\/02\/DSC_2610-768x768.jpg 768w, https:\/\/knirpsknips.de\/wp-content\/uploads\/2021\/02\/DSC_2610-1536x1536.jpg 1536w, https:\/\/knirpsknips.de\/wp-content\/uploads\/2021\/02\/DSC_2610-2048x2048.jpg 2048w, https:\/\/knirpsknips.de\/wp-content\/uploads\/2021\/02\/DSC_2610-88x88.jpg 88w, https:\/\/knirpsknips.de\/wp-content\/uploads\/2021\/02\/DSC_2610-973x973.jpg 973w, https:\/\/knirpsknips.de\/wp-content\/uploads\/2021\/02\/DSC_2610-508x508.jpg 508w\" sizes=\"(max-width: 1024px) 100vw, 1024px\" \/><\/figure><\/li><\/ul><\/figure>\n<\/div><\/div>\n\n\n\n<p>Nach dem Fototag werden kleine K\u00e4rtchen mit Zugangsdaten zu individuellen Online-Galerien an die Familien verteilt. Etwa 10-14 Tage sp\u00e4ter k\u00f6nnen die Eltern bequem von zu Hause die Bilder anschauen, bestellen und bezahlen. Jede Familie bekommt ihre eigene Galerie, lediglich die Gruppenfotos sind f\u00fcr alle Familien sichtbar. Es k\u00f6nnen sowohl Abz\u00fcge in die Kita\/Schule bestellt werden, per Post nach Hause oder Bilddateien als Download per Email.<\/p>\n\n\n\n<p>Bezahlt wird per \u00dcberweisung oder Paypal nur \u00fcber mich. In der Kita\/Schule muss kein Geld eingesammelt werden.<\/p>\n\n\n\n<div class=\"wp-block-columns is-layout-flex wp-container-core-columns-layout-1 wp-block-columns-is-layout-flex\">\n<div class=\"wp-block-column is-layout-flow wp-block-column-is-layout-flow\" style=\"flex-basis:100%\">\n<p><a href=\"https:\/\/neu.knirpsknips.de\/wp-admin\/edit.php?post_type=page\"><\/a><\/p>\n\n\n\n<div class=\"wp-block-group\"><div class=\"wp-block-group__inner-container is-layout-flow wp-block-group-is-layout-flow\">\n<figure class=\"wp-block-gallery columns-3 is-cropped wp-block-gallery-3 is-layout-flex wp-block-gallery-is-layout-flex\"><ul class=\"blocks-gallery-grid\"><li class=\"blocks-gallery-item\"><figure><img loading=\"lazy\" decoding=\"async\" width=\"740\" height=\"1024\" src=\"https:\/\/neu.knirpsknips.de\/wp-content\/uploads\/2021\/02\/GIR-8290-740x1024.jpg\" alt=\"\" data-id=\"684\" data-full-url=\"https:\/\/neu.knirpsknips.de\/wp-content\/uploads\/2021\/02\/GIR-8290-scaled.jpg\" data-link=\"https:\/\/neu.knirpsknips.de\/?attachment_id=684\" class=\"wp-image-684\" srcset=\"https:\/\/knirpsknips.de\/wp-content\/uploads\/2021\/02\/GIR-8290-740x1024.jpg 740w, https:\/\/knirpsknips.de\/wp-content\/uploads\/2021\/02\/GIR-8290-217x300.jpg 217w, https:\/\/knirpsknips.de\/wp-content\/uploads\/2021\/02\/GIR-8290-768x1063.jpg 768w, https:\/\/knirpsknips.de\/wp-content\/uploads\/2021\/02\/GIR-8290-1109x1536.jpg 1109w, https:\/\/knirpsknips.de\/wp-content\/uploads\/2021\/02\/GIR-8290-1479x2048.jpg 1479w, https:\/\/knirpsknips.de\/wp-content\/uploads\/2021\/02\/GIR-8290-973x1347.jpg 973w, https:\/\/knirpsknips.de\/wp-content\/uploads\/2021\/02\/GIR-8290-508x703.jpg 508w, https:\/\/knirpsknips.de\/wp-content\/uploads\/2021\/02\/GIR-8290-scaled.jpg 1849w\" sizes=\"(max-width: 740px) 100vw, 740px\" \/><\/figure><\/li><li class=\"blocks-gallery-item\"><figure><img loading=\"lazy\" decoding=\"async\" width=\"1024\" height=\"740\" src=\"https:\/\/neu.knirpsknips.de\/wp-content\/uploads\/2021\/02\/GIR-8232-1024x740.jpg\" alt=\"\" data-id=\"683\" data-full-url=\"https:\/\/neu.knirpsknips.de\/wp-content\/uploads\/2021\/02\/GIR-8232-scaled.jpg\" data-link=\"https:\/\/neu.knirpsknips.de\/?attachment_id=683\" class=\"wp-image-683\" srcset=\"https:\/\/knirpsknips.de\/wp-content\/uploads\/2021\/02\/GIR-8232-1024x740.jpg 1024w, https:\/\/knirpsknips.de\/wp-content\/uploads\/2021\/02\/GIR-8232-300x217.jpg 300w, https:\/\/knirpsknips.de\/wp-content\/uploads\/2021\/02\/GIR-8232-768x555.jpg 768w, https:\/\/knirpsknips.de\/wp-content\/uploads\/2021\/02\/GIR-8232-1536x1109.jpg 1536w, https:\/\/knirpsknips.de\/wp-content\/uploads\/2021\/02\/GIR-8232-2048x1479.jpg 2048w, https:\/\/knirpsknips.de\/wp-content\/uploads\/2021\/02\/GIR-8232-973x703.jpg 973w, https:\/\/knirpsknips.de\/wp-content\/uploads\/2021\/02\/GIR-8232-508x367.jpg 508w\" sizes=\"(max-width: 1024px) 100vw, 1024px\" \/><\/figure><\/li><li class=\"blocks-gallery-item\"><figure><img loading=\"lazy\" decoding=\"async\" width=\"740\" height=\"1024\" src=\"https:\/\/neu.knirpsknips.de\/wp-content\/uploads\/2021\/02\/GIR-8178-740x1024.jpg\" alt=\"\" data-id=\"682\" data-full-url=\"https:\/\/neu.knirpsknips.de\/wp-content\/uploads\/2021\/02\/GIR-8178-scaled.jpg\" data-link=\"https:\/\/neu.knirpsknips.de\/?attachment_id=682\" class=\"wp-image-682\" srcset=\"https:\/\/knirpsknips.de\/wp-content\/uploads\/2021\/02\/GIR-8178-740x1024.jpg 740w, https:\/\/knirpsknips.de\/wp-content\/uploads\/2021\/02\/GIR-8178-217x300.jpg 217w, https:\/\/knirpsknips.de\/wp-content\/uploads\/2021\/02\/GIR-8178-768x1063.jpg 768w, https:\/\/knirpsknips.de\/wp-content\/uploads\/2021\/02\/GIR-8178-1109x1536.jpg 1109w, https:\/\/knirpsknips.de\/wp-content\/uploads\/2021\/02\/GIR-8178-1479x2048.jpg 1479w, https:\/\/knirpsknips.de\/wp-content\/uploads\/2021\/02\/GIR-8178-973x1347.jpg 973w, https:\/\/knirpsknips.de\/wp-content\/uploads\/2021\/02\/GIR-8178-508x703.jpg 508w, https:\/\/knirpsknips.de\/wp-content\/uploads\/2021\/02\/GIR-8178-scaled.jpg 1849w\" sizes=\"(max-width: 740px) 100vw, 740px\" \/><\/figure><\/li><\/ul><\/figure>\n<\/div><\/div>\n<\/div>\n<\/div>\n\n\n\n<figure class=\"wp-block-gallery columns-0 is-cropped wp-block-gallery-4 is-layout-flex wp-block-gallery-is-layout-flex\"><ul class=\"blocks-gallery-grid\"><\/ul><\/figure>\n","protected":false},"excerpt":{"rendered":"<p>Seit vielen Jahren und immer sehr gerne fotografiere ich in Schulen und Kitas Kinder von klein bis gro\u00df. Ob ganz klassisch in meinem mobilen Studio, drau\u00dfen im Spiel&#8230;<\/p>\n","protected":false},"author":2,"featured_media":0,"parent":0,"menu_order":0,"comment_status":"closed","ping_status":"closed","template":"","meta":{"footnotes":""},"_links":{"self":[{"href":"https:\/\/knirpsknips.de\/index.php?rest_route=\/wp\/v2\/pages\/91"}],"collection":[{"href":"https:\/\/knirpsknips.de\/index.php?rest_route=\/wp\/v2\/pages"}],"about":[{"href":"https:\/\/knirpsknips.de\/index.php?rest_route=\/wp\/v2\/types\/page"}],"author":[{"embeddable":true,"href":"https:\/\/knirpsknips.de\/index.php?rest_route=\/wp\/v2\/users\/2"}],"replies":[{"embeddable":true,"href":"https:\/\/knirpsknips.de\/index.php?rest_route=%2Fwp%2Fv2%2Fcomments&post=91"}],"version-history":[{"count":11,"href":"https:\/\/knirpsknips.de\/index.php?rest_route=\/wp\/v2\/pages\/91\/revisions"}],"predecessor-version":[{"id":1052,"href":"https:\/\/knirpsknips.de\/index.php?rest_route=\/wp\/v2\/pages\/91\/revisions\/1052"}],"wp:attachment":[{"href":"https:\/\/knirpsknips.de\/index.php?rest_route=%2Fwp%2Fv2%2Fmedia&parent=91"}],"curies":[{"name":"wp","href":"https:\/\/api.w.org\/{rel}","templated":true}]}}