{"id":636,"date":"2021-02-05T16:02:27","date_gmt":"2021-02-05T14:02:27","guid":{"rendered":"http:\/\/neu.knirpsknips.de\/?page_id=636"},"modified":"2025-07-08T09:14:18","modified_gmt":"2025-07-08T07:14:18","slug":"hochzeitsfotografie","status":"publish","type":"page","link":"https:\/\/knirpsknips.de\/?page_id=636","title":{"rendered":"Hochzeitsfotografie"},"content":{"rendered":"\n<p class=\"has-text-align-right has-light-gray-color has-text-color\" style=\"font-size:30px\"><strong>kleine Hochzeitsreportage 690 \u20ac<\/strong><\/p>\n\n\n\n<p>Ihr heiratet und sucht nach einer Hochzeitsfotografin f\u00fcrs Wesentliche? Dann ist die kleine Hochzeitsreportage vielleicht das richtige.<br><br>Inklusive ist f\u00fcr diesen Preis folgendes:<\/p>\n\n\n\n<ul>\n<li>das Fotografieren eurer Trauung in Standesamt oder Kirche<\/li>\n\n\n\n<li>kurze Reportage eurer G\u00e4ste nach der Trauung beim Gratulieren<\/li>\n\n\n\n<li>ein kurzes Paarshooting<\/li>\n\n\n\n<li>insgesamt bin ich 2 Std. vor Ort<\/li>\n\n\n\n<li>Fahrtkosten im Umkreis von 50km<\/li>\n\n\n\n<li>die Bilddateien der von mir ausgew\u00e4hlten und bearbeiteten Bilder<br><br>jede weitere Std. berechne ich mit 150 \u20ac<\/li>\n<\/ul>\n\n\n\n<p>Ruft mich an oder schreibt mir f\u00fcr ein Kennenlerngespr\u00e4ch bei mir im Studio. <a href=\"mailto:info@knirpsknips.de\">info@knirpsknips.de<\/a>  0177\/687 54 06 &#8211; Ich freu mich auf euch!<\/p>\n\n\n\n<div class=\"wp-block-group is-layout-flow wp-block-group-is-layout-flow\"><div class=\"wp-block-group__inner-container\"><\/div><\/div>\n\n\n\n<figure class=\"wp-block-gallery has-nested-images columns-default is-cropped wp-block-gallery-1 is-layout-flex wp-block-gallery-is-layout-flex\">\n<figure class=\"wp-block-image size-large\"><img loading=\"lazy\" decoding=\"async\" width=\"1024\" height=\"684\" data-id=\"637\" src=\"https:\/\/neu.knirpsknips.de\/wp-content\/uploads\/2021\/02\/DSC_0968-1024x684.jpg\" alt=\"\" class=\"wp-image-637\" srcset=\"https:\/\/knirpsknips.de\/wp-content\/uploads\/2021\/02\/DSC_0968-1024x684.jpg 1024w, https:\/\/knirpsknips.de\/wp-content\/uploads\/2021\/02\/DSC_0968-300x200.jpg 300w, https:\/\/knirpsknips.de\/wp-content\/uploads\/2021\/02\/DSC_0968-768x513.jpg 768w, https:\/\/knirpsknips.de\/wp-content\/uploads\/2021\/02\/DSC_0968-1536x1025.jpg 1536w, https:\/\/knirpsknips.de\/wp-content\/uploads\/2021\/02\/DSC_0968-2048x1367.jpg 2048w, https:\/\/knirpsknips.de\/wp-content\/uploads\/2021\/02\/DSC_0968-973x649.jpg 973w, https:\/\/knirpsknips.de\/wp-content\/uploads\/2021\/02\/DSC_0968-508x339.jpg 508w\" sizes=\"(max-width: 1024px) 100vw, 1024px\" \/><\/figure>\n\n\n\n<figure class=\"wp-block-image size-large\"><img loading=\"lazy\" decoding=\"async\" width=\"1024\" height=\"684\" data-id=\"686\" src=\"https:\/\/neu.knirpsknips.de\/wp-content\/uploads\/2021\/02\/hand-1024x684.jpg\" alt=\"\" class=\"wp-image-686\" srcset=\"https:\/\/knirpsknips.de\/wp-content\/uploads\/2021\/02\/hand-1024x684.jpg 1024w, https:\/\/knirpsknips.de\/wp-content\/uploads\/2021\/02\/hand-300x200.jpg 300w, https:\/\/knirpsknips.de\/wp-content\/uploads\/2021\/02\/hand-768x513.jpg 768w, https:\/\/knirpsknips.de\/wp-content\/uploads\/2021\/02\/hand-1536x1025.jpg 1536w, https:\/\/knirpsknips.de\/wp-content\/uploads\/2021\/02\/hand-2048x1367.jpg 2048w, https:\/\/knirpsknips.de\/wp-content\/uploads\/2021\/02\/hand-973x649.jpg 973w, https:\/\/knirpsknips.de\/wp-content\/uploads\/2021\/02\/hand-508x339.jpg 508w\" sizes=\"(max-width: 1024px) 100vw, 1024px\" \/><\/figure>\n\n\n\n<figure class=\"wp-block-image size-large\"><img loading=\"lazy\" decoding=\"async\" width=\"684\" height=\"1024\" data-id=\"640\" src=\"https:\/\/neu.knirpsknips.de\/wp-content\/uploads\/2021\/02\/DSC_1840-684x1024.jpg\" alt=\"\" class=\"wp-image-640\" srcset=\"https:\/\/knirpsknips.de\/wp-content\/uploads\/2021\/02\/DSC_1840-684x1024.jpg 684w, https:\/\/knirpsknips.de\/wp-content\/uploads\/2021\/02\/DSC_1840-200x300.jpg 200w, https:\/\/knirpsknips.de\/wp-content\/uploads\/2021\/02\/DSC_1840-768x1151.jpg 768w, https:\/\/knirpsknips.de\/wp-content\/uploads\/2021\/02\/DSC_1840-1025x1536.jpg 1025w, https:\/\/knirpsknips.de\/wp-content\/uploads\/2021\/02\/DSC_1840-1367x2048.jpg 1367w, https:\/\/knirpsknips.de\/wp-content\/uploads\/2021\/02\/DSC_1840-973x1458.jpg 973w, https:\/\/knirpsknips.de\/wp-content\/uploads\/2021\/02\/DSC_1840-508x761.jpg 508w, https:\/\/knirpsknips.de\/wp-content\/uploads\/2021\/02\/DSC_1840-scaled.jpg 1709w\" sizes=\"(max-width: 684px) 100vw, 684px\" \/><\/figure>\n<\/figure>\n\n\n\n<p class=\"has-text-align-right has-light-gray-color has-text-color\" style=\"font-size:30px\"><strong>mittlere Hochzeitsreportage 1490 \u20ac<\/strong><\/p>\n\n\n\n<p>Ihr heiratet und sucht nach einer Hochzeitsfotografin die euch tags\u00fcber begleitet? Dann ist die mittlere Hochzeitsreportage das richtige f\u00fcr euch.<br><br>Inklusive ist f\u00fcr diesen Preis folgendes:<\/p>\n\n\n\n<ul>\n<li>das Fotografieren eurer Trauung in Standesamt oder Kirche<\/li>\n\n\n\n<li>Reportage eurer G\u00e4ste nach der Trauung beim Gratulieren und dem Empfang<\/li>\n\n\n\n<li>ein Paarshooting<\/li>\n\n\n\n<li>Familienfotos, Fotos mit Trauzeugen und Gruppenfotos, etc.<\/li>\n\n\n\n<li>insgesamt bin ich 5 Std. vor Ort<\/li>\n\n\n\n<li>Fahrtkosten im Umkreis von 50km<\/li>\n\n\n\n<li>die Bilddateien der von mir ausgew\u00e4hlten und bearbeiteten Bilder<br><br>jede weitere Std. berechne ich mit 150 \u20ac<\/li>\n<\/ul>\n\n\n\n<p>Ruft mich an oder schreibt mir f\u00fcr ein Kennenlerngespr\u00e4ch bei mir im Studio. <a href=\"mailto:info@knirpsknips.de\">info@knirpsknips.de<\/a>  0177\/687 54 06 &#8211; Ich freu mich auf euch!<\/p>\n\n\n\n<figure class=\"wp-block-gallery has-nested-images columns-default is-cropped wp-block-gallery-2 is-layout-flex wp-block-gallery-is-layout-flex\">\n<figure class=\"wp-block-image size-large\"><img loading=\"lazy\" decoding=\"async\" width=\"681\" height=\"1024\" data-id=\"644\" src=\"https:\/\/knirpsknips.de\/wp-content\/uploads\/2021\/02\/VO-8703-681x1024.jpg\" alt=\"\" class=\"wp-image-644\" srcset=\"https:\/\/knirpsknips.de\/wp-content\/uploads\/2021\/02\/VO-8703-681x1024.jpg 681w, https:\/\/knirpsknips.de\/wp-content\/uploads\/2021\/02\/VO-8703-200x300.jpg 200w, https:\/\/knirpsknips.de\/wp-content\/uploads\/2021\/02\/VO-8703-768x1154.jpg 768w, https:\/\/knirpsknips.de\/wp-content\/uploads\/2021\/02\/VO-8703-1022x1536.jpg 1022w, https:\/\/knirpsknips.de\/wp-content\/uploads\/2021\/02\/VO-8703-1363x2048.jpg 1363w, https:\/\/knirpsknips.de\/wp-content\/uploads\/2021\/02\/VO-8703-973x1462.jpg 973w, https:\/\/knirpsknips.de\/wp-content\/uploads\/2021\/02\/VO-8703-508x764.jpg 508w, https:\/\/knirpsknips.de\/wp-content\/uploads\/2021\/02\/VO-8703-scaled.jpg 1703w\" sizes=\"(max-width: 681px) 100vw, 681px\" \/><\/figure>\n\n\n\n<figure class=\"wp-block-image size-large\"><img loading=\"lazy\" decoding=\"async\" width=\"1024\" height=\"681\" data-id=\"435\" src=\"https:\/\/knirpsknips.de\/wp-content\/uploads\/2021\/02\/VO-9652-1024x681.jpg\" alt=\"\" class=\"wp-image-435\" srcset=\"https:\/\/knirpsknips.de\/wp-content\/uploads\/2021\/02\/VO-9652-1024x681.jpg 1024w, https:\/\/knirpsknips.de\/wp-content\/uploads\/2021\/02\/VO-9652-300x200.jpg 300w, https:\/\/knirpsknips.de\/wp-content\/uploads\/2021\/02\/VO-9652-768x511.jpg 768w, https:\/\/knirpsknips.de\/wp-content\/uploads\/2021\/02\/VO-9652-1536x1022.jpg 1536w, https:\/\/knirpsknips.de\/wp-content\/uploads\/2021\/02\/VO-9652-2048x1363.jpg 2048w, https:\/\/knirpsknips.de\/wp-content\/uploads\/2021\/02\/VO-9652-973x647.jpg 973w, https:\/\/knirpsknips.de\/wp-content\/uploads\/2021\/02\/VO-9652-508x338.jpg 508w\" sizes=\"(max-width: 1024px) 100vw, 1024px\" \/><\/figure>\n\n\n\n<figure class=\"wp-block-image size-large\"><img loading=\"lazy\" decoding=\"async\" width=\"681\" height=\"1024\" data-id=\"437\" src=\"https:\/\/knirpsknips.de\/wp-content\/uploads\/2021\/02\/VO-9713-681x1024.jpg\" alt=\"\" class=\"wp-image-437\" srcset=\"https:\/\/knirpsknips.de\/wp-content\/uploads\/2021\/02\/VO-9713-681x1024.jpg 681w, https:\/\/knirpsknips.de\/wp-content\/uploads\/2021\/02\/VO-9713-200x300.jpg 200w, https:\/\/knirpsknips.de\/wp-content\/uploads\/2021\/02\/VO-9713-768x1154.jpg 768w, https:\/\/knirpsknips.de\/wp-content\/uploads\/2021\/02\/VO-9713-1022x1536.jpg 1022w, https:\/\/knirpsknips.de\/wp-content\/uploads\/2021\/02\/VO-9713-1363x2048.jpg 1363w, https:\/\/knirpsknips.de\/wp-content\/uploads\/2021\/02\/VO-9713-973x1462.jpg 973w, https:\/\/knirpsknips.de\/wp-content\/uploads\/2021\/02\/VO-9713-508x764.jpg 508w, https:\/\/knirpsknips.de\/wp-content\/uploads\/2021\/02\/VO-9713-scaled.jpg 1703w\" sizes=\"(max-width: 681px) 100vw, 681px\" \/><\/figure>\n<\/figure>\n\n\n\n<p><br><br><br><\/p>\n\n\n\n<p class=\"has-text-align-right has-light-gray-color has-text-color\" style=\"font-size:30px\"><strong>gro\u00dfe Hochzeitsreportage 1990 \u20ac<\/strong><\/p>\n\n\n\n<p>Ihr heiratet und sucht nach einer Hochzeitsfotografin die euch den ganzen Tag begleitet? Dann ist die gro\u00dfe Hochzeitsreportage das richtige f\u00fcr euch.<br><br>Inklusive ist f\u00fcr diesen Preis folgendes:<\/p>\n\n\n\n<ul>\n<li>das &#8222;Getting Ready&#8220; vor der Hochzeit wenn gew\u00fcnscht<\/li>\n\n\n\n<li>das Fotografieren eurer Trauung in Standesamt oder Kirche<\/li>\n\n\n\n<li>Reportage eurer G\u00e4ste nach der Trauung beim Gratulieren und dem Empfang<\/li>\n\n\n\n<li>ein Paarshooting<\/li>\n\n\n\n<li>Familienfotos, Fotos mit Trauzeugen und Gruppenfotos, etc.<\/li>\n\n\n\n<li>die Reportage eurer Hochzeitsfeier mit anschlie\u00dfender Party<\/li>\n\n\n\n<li>insgesamt bin ich 8 Std. vor Ort<\/li>\n\n\n\n<li>Fahrtkosten im Umkreis von 50km<\/li>\n\n\n\n<li>die Bilddateien der von mir ausgew\u00e4hlten und bearbeiteten Bilder<br><br>jede weitere Std. berechne ich mit 150 \u20ac<\/li>\n<\/ul>\n\n\n\n<p>Ruft mich an oder schreibt mir f\u00fcr ein Kennenlerngespr\u00e4ch bei mir im Studio. <a href=\"mailto:info@knirpsknips.de\">info@knirpsknips.de<\/a>  0177\/687 54 06 &#8211; Ich freu mich auf euch!<\/p>\n\n\n\n<figure class=\"wp-block-gallery has-nested-images columns-default is-cropped wp-block-gallery-3 is-layout-flex wp-block-gallery-is-layout-flex\">\n<figure class=\"wp-block-image size-large\"><img loading=\"lazy\" decoding=\"async\" width=\"681\" height=\"1024\" data-id=\"1189\" src=\"https:\/\/knirpsknips.de\/wp-content\/uploads\/2025\/07\/KJ-3407-681x1024.jpg\" alt=\"\" class=\"wp-image-1189\" srcset=\"https:\/\/knirpsknips.de\/wp-content\/uploads\/2025\/07\/KJ-3407-681x1024.jpg 681w, https:\/\/knirpsknips.de\/wp-content\/uploads\/2025\/07\/KJ-3407-200x300.jpg 200w, https:\/\/knirpsknips.de\/wp-content\/uploads\/2025\/07\/KJ-3407-768x1154.jpg 768w, https:\/\/knirpsknips.de\/wp-content\/uploads\/2025\/07\/KJ-3407-1022x1536.jpg 1022w, https:\/\/knirpsknips.de\/wp-content\/uploads\/2025\/07\/KJ-3407-1363x2048.jpg 1363w, https:\/\/knirpsknips.de\/wp-content\/uploads\/2025\/07\/KJ-3407-973x1462.jpg 973w, https:\/\/knirpsknips.de\/wp-content\/uploads\/2025\/07\/KJ-3407-508x764.jpg 508w, https:\/\/knirpsknips.de\/wp-content\/uploads\/2025\/07\/KJ-3407-scaled.jpg 1703w\" sizes=\"(max-width: 681px) 100vw, 681px\" \/><\/figure>\n\n\n\n<figure class=\"wp-block-image size-large\"><img loading=\"lazy\" decoding=\"async\" width=\"681\" height=\"1024\" data-id=\"1187\" src=\"https:\/\/knirpsknips.de\/wp-content\/uploads\/2025\/07\/KJ-4722-681x1024.jpg\" alt=\"\" class=\"wp-image-1187\" srcset=\"https:\/\/knirpsknips.de\/wp-content\/uploads\/2025\/07\/KJ-4722-681x1024.jpg 681w, https:\/\/knirpsknips.de\/wp-content\/uploads\/2025\/07\/KJ-4722-200x300.jpg 200w, https:\/\/knirpsknips.de\/wp-content\/uploads\/2025\/07\/KJ-4722-768x1154.jpg 768w, https:\/\/knirpsknips.de\/wp-content\/uploads\/2025\/07\/KJ-4722-1022x1536.jpg 1022w, https:\/\/knirpsknips.de\/wp-content\/uploads\/2025\/07\/KJ-4722-1363x2048.jpg 1363w, https:\/\/knirpsknips.de\/wp-content\/uploads\/2025\/07\/KJ-4722-973x1462.jpg 973w, https:\/\/knirpsknips.de\/wp-content\/uploads\/2025\/07\/KJ-4722-508x764.jpg 508w, https:\/\/knirpsknips.de\/wp-content\/uploads\/2025\/07\/KJ-4722-scaled.jpg 1703w\" sizes=\"(max-width: 681px) 100vw, 681px\" \/><\/figure>\n\n\n\n<figure class=\"wp-block-image size-large\"><img loading=\"lazy\" decoding=\"async\" width=\"681\" height=\"1024\" data-id=\"1188\" src=\"https:\/\/knirpsknips.de\/wp-content\/uploads\/2025\/07\/KJ-4120-681x1024.jpg\" alt=\"\" class=\"wp-image-1188\" srcset=\"https:\/\/knirpsknips.de\/wp-content\/uploads\/2025\/07\/KJ-4120-681x1024.jpg 681w, https:\/\/knirpsknips.de\/wp-content\/uploads\/2025\/07\/KJ-4120-200x300.jpg 200w, https:\/\/knirpsknips.de\/wp-content\/uploads\/2025\/07\/KJ-4120-768x1154.jpg 768w, https:\/\/knirpsknips.de\/wp-content\/uploads\/2025\/07\/KJ-4120-1022x1536.jpg 1022w, https:\/\/knirpsknips.de\/wp-content\/uploads\/2025\/07\/KJ-4120-1363x2048.jpg 1363w, https:\/\/knirpsknips.de\/wp-content\/uploads\/2025\/07\/KJ-4120-973x1462.jpg 973w, https:\/\/knirpsknips.de\/wp-content\/uploads\/2025\/07\/KJ-4120-508x764.jpg 508w, https:\/\/knirpsknips.de\/wp-content\/uploads\/2025\/07\/KJ-4120-scaled.jpg 1703w\" sizes=\"(max-width: 681px) 100vw, 681px\" \/><\/figure>\n<\/figure>\n\n\n\n<p><br><br><br>Alle genannten Preise verstehen sich inklusive der gesetzlichen Umsatzsteuer.<\/p>\n","protected":false},"excerpt":{"rendered":"<p>kleine Hochzeitsreportage 690 \u20ac Ihr heiratet und sucht nach einer Hochzeitsfotografin f\u00fcrs Wesentliche? Dann ist die kleine Hochzeitsreportage vielleicht das richtige. Inklusive ist f\u00fcr diesen Preis folgendes: Ruft&#8230;<\/p>\n","protected":false},"author":2,"featured_media":0,"parent":0,"menu_order":0,"comment_status":"closed","ping_status":"closed","template":"","meta":{"footnotes":""},"_links":{"self":[{"href":"https:\/\/knirpsknips.de\/index.php?rest_route=\/wp\/v2\/pages\/636"}],"collection":[{"href":"https:\/\/knirpsknips.de\/index.php?rest_route=\/wp\/v2\/pages"}],"about":[{"href":"https:\/\/knirpsknips.de\/index.php?rest_route=\/wp\/v2\/types\/page"}],"author":[{"embeddable":true,"href":"https:\/\/knirpsknips.de\/index.php?rest_route=\/wp\/v2\/users\/2"}],"replies":[{"embeddable":true,"href":"https:\/\/knirpsknips.de\/index.php?rest_route=%2Fwp%2Fv2%2Fcomments&post=636"}],"version-history":[{"count":10,"href":"https:\/\/knirpsknips.de\/index.php?rest_route=\/wp\/v2\/pages\/636\/revisions"}],"predecessor-version":[{"id":1192,"href":"https:\/\/knirpsknips.de\/index.php?rest_route=\/wp\/v2\/pages\/636\/revisions\/1192"}],"wp:attachment":[{"href":"https:\/\/knirpsknips.de\/index.php?rest_route=%2Fwp%2Fv2%2Fmedia&parent=636"}],"curies":[{"name":"wp","href":"https:\/\/api.w.org\/{rel}","templated":true}]}}