{"id":622,"date":"2021-02-05T14:08:12","date_gmt":"2021-02-05T12:08:12","guid":{"rendered":"http:\/\/neu.knirpsknips.de\/?page_id=622"},"modified":"2023-03-06T09:16:39","modified_gmt":"2023-03-06T07:16:39","slug":"kinder-und-familienfotografie-2","status":"publish","type":"page","link":"https:\/\/knirpsknips.de\/?page_id=622","title":{"rendered":"Tierfotografie"},"content":{"rendered":"\n<p class=\"has-text-align-right has-light-gray-color has-text-color\" style=\"font-size:30px\"><strong>Tier-Fotoshooting 175 \u20ac<\/strong><\/p>\n\n\n\n<p>Du bist stolzer Haustier-Besitzer und m\u00f6chtest tolle Fotos deines Lieblings?<br>Dann freue ich mich auf euch!<\/p>\n\n\n\n<p>Telefonisch besprechen wir deine W\u00fcnsche und wo und wann wir uns treffen. Meldet euch: 0177\/687 54 06<\/p>\n\n\n\n<figure class=\"wp-block-gallery has-nested-images columns-default is-cropped wp-block-gallery-1 is-layout-flex wp-block-gallery-is-layout-flex\">\n<figure class=\"wp-block-image size-large\"><img loading=\"lazy\" decoding=\"async\" width=\"681\" height=\"1024\" data-id=\"289\" src=\"https:\/\/neu.knirpsknips.de\/wp-content\/uploads\/2021\/02\/Wald-2042-681x1024.jpg\" alt=\"\" class=\"wp-image-289\" srcset=\"https:\/\/knirpsknips.de\/wp-content\/uploads\/2021\/02\/Wald-2042-681x1024.jpg 681w, https:\/\/knirpsknips.de\/wp-content\/uploads\/2021\/02\/Wald-2042-200x300.jpg 200w, https:\/\/knirpsknips.de\/wp-content\/uploads\/2021\/02\/Wald-2042-768x1154.jpg 768w, https:\/\/knirpsknips.de\/wp-content\/uploads\/2021\/02\/Wald-2042-1022x1536.jpg 1022w, https:\/\/knirpsknips.de\/wp-content\/uploads\/2021\/02\/Wald-2042-1362x2048.jpg 1362w, https:\/\/knirpsknips.de\/wp-content\/uploads\/2021\/02\/Wald-2042-973x1463.jpg 973w, https:\/\/knirpsknips.de\/wp-content\/uploads\/2021\/02\/Wald-2042-508x764.jpg 508w, https:\/\/knirpsknips.de\/wp-content\/uploads\/2021\/02\/Wald-2042-scaled.jpg 1703w\" sizes=\"(max-width: 681px) 100vw, 681px\" \/><\/figure>\n\n\n\n<figure class=\"wp-block-image size-large\"><img loading=\"lazy\" decoding=\"async\" width=\"684\" height=\"1024\" data-id=\"388\" src=\"https:\/\/neu.knirpsknips.de\/wp-content\/uploads\/2021\/02\/JAN-2578-684x1024.jpg\" alt=\"\" class=\"wp-image-388\" srcset=\"https:\/\/knirpsknips.de\/wp-content\/uploads\/2021\/02\/JAN-2578-684x1024.jpg 684w, https:\/\/knirpsknips.de\/wp-content\/uploads\/2021\/02\/JAN-2578-200x300.jpg 200w, https:\/\/knirpsknips.de\/wp-content\/uploads\/2021\/02\/JAN-2578-768x1151.jpg 768w, https:\/\/knirpsknips.de\/wp-content\/uploads\/2021\/02\/JAN-2578-1025x1536.jpg 1025w, https:\/\/knirpsknips.de\/wp-content\/uploads\/2021\/02\/JAN-2578-1367x2048.jpg 1367w, https:\/\/knirpsknips.de\/wp-content\/uploads\/2021\/02\/JAN-2578-973x1458.jpg 973w, https:\/\/knirpsknips.de\/wp-content\/uploads\/2021\/02\/JAN-2578-508x761.jpg 508w, https:\/\/knirpsknips.de\/wp-content\/uploads\/2021\/02\/JAN-2578-scaled.jpg 1709w\" sizes=\"(max-width: 684px) 100vw, 684px\" \/><\/figure>\n\n\n\n<figure class=\"wp-block-image size-large\"><img loading=\"lazy\" decoding=\"async\" width=\"1024\" height=\"684\" data-id=\"371\" src=\"https:\/\/neu.knirpsknips.de\/wp-content\/uploads\/2021\/02\/JAN-1999-1024x684.jpg\" alt=\"\" class=\"wp-image-371\" srcset=\"https:\/\/knirpsknips.de\/wp-content\/uploads\/2021\/02\/JAN-1999-1024x684.jpg 1024w, https:\/\/knirpsknips.de\/wp-content\/uploads\/2021\/02\/JAN-1999-300x200.jpg 300w, https:\/\/knirpsknips.de\/wp-content\/uploads\/2021\/02\/JAN-1999-768x513.jpg 768w, https:\/\/knirpsknips.de\/wp-content\/uploads\/2021\/02\/JAN-1999-1536x1025.jpg 1536w, https:\/\/knirpsknips.de\/wp-content\/uploads\/2021\/02\/JAN-1999-2048x1367.jpg 2048w, https:\/\/knirpsknips.de\/wp-content\/uploads\/2021\/02\/JAN-1999-973x649.jpg 973w, https:\/\/knirpsknips.de\/wp-content\/uploads\/2021\/02\/JAN-1999-508x339.jpg 508w\" sizes=\"(max-width: 1024px) 100vw, 1024px\" \/><\/figure>\n<\/figure>\n\n\n\n<p>Dann treffen wir uns zu einem Fotoshooting f\u00fcr 1 Std.  bei euch zu Hause oder drau\u00dfen an einem sch\u00f6nen Ort eurer Wahl.<br>Ein paar Tage sp\u00e4ter melde ich mich mit Zugangsdaten zu einer Online-Galerie in der ihr eure Bilder gem\u00fctlich von zu Hause anschauen und ausw\u00e4hlen k\u00f6nnt. Im Preis inklusive sind 4 Abz\u00fcge in 13&#215;18 cm oder 2 Bilder als Datei. <br>Abz\u00fcge sende ich euch dann mit der Post zu und Dateien gibt es ganz schnell und einfach als Downloadlink.<\/p>\n\n\n\n<p>Preise f\u00fcr weitere Bilder findet ihr unter Preise.<br><br><br><\/p>\n\n\n\n<div class=\"wp-block-group is-layout-flow wp-block-group-is-layout-flow\"><div class=\"wp-block-group__inner-container\">\n<div class=\"wp-block-group is-layout-flow wp-block-group-is-layout-flow\"><div class=\"wp-block-group__inner-container\">\n<figure class=\"wp-block-gallery has-nested-images columns-default is-cropped wp-block-gallery-2 is-layout-flex wp-block-gallery-is-layout-flex\">\n<figure class=\"wp-block-image size-large\"><img loading=\"lazy\" decoding=\"async\" width=\"683\" height=\"1024\" src=\"https:\/\/neu.knirpsknips.de\/wp-content\/uploads\/2021\/02\/MZ-1439-edited-683x1024.jpg\" alt=\"\" class=\"wp-image-634\" srcset=\"https:\/\/knirpsknips.de\/wp-content\/uploads\/2021\/02\/MZ-1439-edited-683x1024.jpg 683w, https:\/\/knirpsknips.de\/wp-content\/uploads\/2021\/02\/MZ-1439-edited-200x300.jpg 200w, https:\/\/knirpsknips.de\/wp-content\/uploads\/2021\/02\/MZ-1439-edited-768x1151.jpg 768w, https:\/\/knirpsknips.de\/wp-content\/uploads\/2021\/02\/MZ-1439-edited-1025x1536.jpg 1025w, https:\/\/knirpsknips.de\/wp-content\/uploads\/2021\/02\/MZ-1439-edited-1366x2048.jpg 1366w, https:\/\/knirpsknips.de\/wp-content\/uploads\/2021\/02\/MZ-1439-edited-973x1459.jpg 973w, https:\/\/knirpsknips.de\/wp-content\/uploads\/2021\/02\/MZ-1439-edited-508x762.jpg 508w, https:\/\/knirpsknips.de\/wp-content\/uploads\/2021\/02\/MZ-1439-edited.jpg 1707w\" sizes=\"(max-width: 683px) 100vw, 683px\" \/><\/figure>\n\n\n\n<figure class=\"wp-block-image size-large\"><img loading=\"lazy\" decoding=\"async\" width=\"681\" height=\"1024\" src=\"https:\/\/neu.knirpsknips.de\/wp-content\/uploads\/2021\/02\/Wald-2060-681x1024.jpg\" alt=\"\" class=\"wp-image-631\" srcset=\"https:\/\/knirpsknips.de\/wp-content\/uploads\/2021\/02\/Wald-2060-681x1024.jpg 681w, https:\/\/knirpsknips.de\/wp-content\/uploads\/2021\/02\/Wald-2060-200x300.jpg 200w, https:\/\/knirpsknips.de\/wp-content\/uploads\/2021\/02\/Wald-2060-768x1154.jpg 768w, https:\/\/knirpsknips.de\/wp-content\/uploads\/2021\/02\/Wald-2060-1022x1536.jpg 1022w, https:\/\/knirpsknips.de\/wp-content\/uploads\/2021\/02\/Wald-2060-1362x2048.jpg 1362w, https:\/\/knirpsknips.de\/wp-content\/uploads\/2021\/02\/Wald-2060-973x1463.jpg 973w, https:\/\/knirpsknips.de\/wp-content\/uploads\/2021\/02\/Wald-2060-508x764.jpg 508w, https:\/\/knirpsknips.de\/wp-content\/uploads\/2021\/02\/Wald-2060-scaled.jpg 1703w\" sizes=\"(max-width: 681px) 100vw, 681px\" \/><\/figure>\n\n\n\n<figure class=\"wp-block-image size-large\"><img loading=\"lazy\" decoding=\"async\" width=\"684\" height=\"1024\" src=\"https:\/\/neu.knirpsknips.de\/wp-content\/uploads\/2021\/02\/ZWERG-9162-684x1024.jpg\" alt=\"\" class=\"wp-image-632\" srcset=\"https:\/\/knirpsknips.de\/wp-content\/uploads\/2021\/02\/ZWERG-9162-684x1024.jpg 684w, https:\/\/knirpsknips.de\/wp-content\/uploads\/2021\/02\/ZWERG-9162-200x300.jpg 200w, https:\/\/knirpsknips.de\/wp-content\/uploads\/2021\/02\/ZWERG-9162-768x1150.jpg 768w, https:\/\/knirpsknips.de\/wp-content\/uploads\/2021\/02\/ZWERG-9162-1026x1536.jpg 1026w, https:\/\/knirpsknips.de\/wp-content\/uploads\/2021\/02\/ZWERG-9162-1367x2048.jpg 1367w, https:\/\/knirpsknips.de\/wp-content\/uploads\/2021\/02\/ZWERG-9162-973x1457.jpg 973w, https:\/\/knirpsknips.de\/wp-content\/uploads\/2021\/02\/ZWERG-9162-508x761.jpg 508w, https:\/\/knirpsknips.de\/wp-content\/uploads\/2021\/02\/ZWERG-9162-scaled.jpg 1709w\" sizes=\"(max-width: 684px) 100vw, 684px\" \/><\/figure>\n<\/figure>\n<\/div><\/div>\n<\/div><\/div>\n\n\n\n<p><br><br><br>Alle genannten Preise verstehen sich inklusive der gesetzlichen Umsatzsteuer.<\/p>\n","protected":false},"excerpt":{"rendered":"<p>Tier-Fotoshooting 175 \u20ac Du bist stolzer Haustier-Besitzer und m\u00f6chtest tolle Fotos deines Lieblings?Dann freue ich mich auf euch! Telefonisch besprechen wir deine W\u00fcnsche und wo und wann wir&#8230;<\/p>\n","protected":false},"author":2,"featured_media":0,"parent":0,"menu_order":0,"comment_status":"closed","ping_status":"closed","template":"","meta":{"footnotes":""},"_links":{"self":[{"href":"https:\/\/knirpsknips.de\/index.php?rest_route=\/wp\/v2\/pages\/622"}],"collection":[{"href":"https:\/\/knirpsknips.de\/index.php?rest_route=\/wp\/v2\/pages"}],"about":[{"href":"https:\/\/knirpsknips.de\/index.php?rest_route=\/wp\/v2\/types\/page"}],"author":[{"embeddable":true,"href":"https:\/\/knirpsknips.de\/index.php?rest_route=\/wp\/v2\/users\/2"}],"replies":[{"embeddable":true,"href":"https:\/\/knirpsknips.de\/index.php?rest_route=%2Fwp%2Fv2%2Fcomments&post=622"}],"version-history":[{"count":6,"href":"https:\/\/knirpsknips.de\/index.php?rest_route=\/wp\/v2\/pages\/622\/revisions"}],"predecessor-version":[{"id":1078,"href":"https:\/\/knirpsknips.de\/index.php?rest_route=\/wp\/v2\/pages\/622\/revisions\/1078"}],"wp:attachment":[{"href":"https:\/\/knirpsknips.de\/index.php?rest_route=%2Fwp%2Fv2%2Fmedia&parent=622"}],"curies":[{"name":"wp","href":"https:\/\/api.w.org\/{rel}","templated":true}]}}