{"id":616,"date":"2021-02-05T13:27:50","date_gmt":"2021-02-05T11:27:50","guid":{"rendered":"http:\/\/neu.knirpsknips.de\/?page_id=616"},"modified":"2023-03-06T09:15:19","modified_gmt":"2023-03-06T07:15:19","slug":"kinder-und-familienfotografie","status":"publish","type":"page","link":"https:\/\/knirpsknips.de\/?page_id=616","title":{"rendered":"Kinder- und Familienfotografie"},"content":{"rendered":"\n<p class=\"has-text-align-right has-light-gray-color has-text-color\" style=\"font-size:30px\"><strong>Fotoshooting 199 \u20ac<\/strong><\/p>\n\n\n\n<p>Du m\u00f6chtest sch\u00f6ne Familienfotos haben? Tolle Kinderfotos deiner Kinder? Eine ganz nat\u00fcrliche Homestory deines Familienlebens? Bezaubernde Fotos in der Natur? Oder was ganz anderes spezielles?<\/p>\n\n\n\n<p>Meldet euch: 0177\/687 54 06 &#8211; Ich freu mich auf euch!<\/p>\n\n\n\n<figure class=\"wp-block-gallery has-nested-images columns-default is-cropped wp-block-gallery-1 is-layout-flex wp-block-gallery-is-layout-flex\">\n<figure class=\"wp-block-image size-large\"><img loading=\"lazy\" decoding=\"async\" width=\"684\" height=\"1024\" data-id=\"248\" src=\"https:\/\/neu.knirpsknips.de\/wp-content\/uploads\/2021\/01\/ZWERG-9744-684x1024.jpg\" alt=\"\" class=\"wp-image-248\" srcset=\"https:\/\/knirpsknips.de\/wp-content\/uploads\/2021\/01\/ZWERG-9744-684x1024.jpg 684w, https:\/\/knirpsknips.de\/wp-content\/uploads\/2021\/01\/ZWERG-9744-200x300.jpg 200w, https:\/\/knirpsknips.de\/wp-content\/uploads\/2021\/01\/ZWERG-9744-768x1150.jpg 768w, https:\/\/knirpsknips.de\/wp-content\/uploads\/2021\/01\/ZWERG-9744-1026x1536.jpg 1026w, https:\/\/knirpsknips.de\/wp-content\/uploads\/2021\/01\/ZWERG-9744-1367x2048.jpg 1367w, https:\/\/knirpsknips.de\/wp-content\/uploads\/2021\/01\/ZWERG-9744-973x1457.jpg 973w, https:\/\/knirpsknips.de\/wp-content\/uploads\/2021\/01\/ZWERG-9744-508x761.jpg 508w, https:\/\/knirpsknips.de\/wp-content\/uploads\/2021\/01\/ZWERG-9744-scaled.jpg 1709w\" sizes=\"(max-width: 684px) 100vw, 684px\" \/><\/figure>\n\n\n\n<figure class=\"wp-block-image size-large\"><img loading=\"lazy\" decoding=\"async\" width=\"681\" height=\"1024\" data-id=\"270\" src=\"https:\/\/neu.knirpsknips.de\/wp-content\/uploads\/2021\/02\/Wald-1641-681x1024.jpg\" alt=\"\" class=\"wp-image-270\" srcset=\"https:\/\/knirpsknips.de\/wp-content\/uploads\/2021\/02\/Wald-1641-681x1024.jpg 681w, https:\/\/knirpsknips.de\/wp-content\/uploads\/2021\/02\/Wald-1641-200x300.jpg 200w, https:\/\/knirpsknips.de\/wp-content\/uploads\/2021\/02\/Wald-1641-768x1154.jpg 768w, https:\/\/knirpsknips.de\/wp-content\/uploads\/2021\/02\/Wald-1641-1022x1536.jpg 1022w, https:\/\/knirpsknips.de\/wp-content\/uploads\/2021\/02\/Wald-1641-1362x2048.jpg 1362w, https:\/\/knirpsknips.de\/wp-content\/uploads\/2021\/02\/Wald-1641-973x1463.jpg 973w, https:\/\/knirpsknips.de\/wp-content\/uploads\/2021\/02\/Wald-1641-508x764.jpg 508w, https:\/\/knirpsknips.de\/wp-content\/uploads\/2021\/02\/Wald-1641-scaled.jpg 1703w\" sizes=\"(max-width: 681px) 100vw, 681px\" \/><\/figure>\n\n\n\n<figure class=\"wp-block-image size-large\"><img loading=\"lazy\" decoding=\"async\" width=\"684\" height=\"1024\" data-id=\"249\" src=\"https:\/\/neu.knirpsknips.de\/wp-content\/uploads\/2021\/01\/ZWERG-9753-684x1024.jpg\" alt=\"\" class=\"wp-image-249\" srcset=\"https:\/\/knirpsknips.de\/wp-content\/uploads\/2021\/01\/ZWERG-9753-684x1024.jpg 684w, https:\/\/knirpsknips.de\/wp-content\/uploads\/2021\/01\/ZWERG-9753-200x300.jpg 200w, https:\/\/knirpsknips.de\/wp-content\/uploads\/2021\/01\/ZWERG-9753-768x1150.jpg 768w, https:\/\/knirpsknips.de\/wp-content\/uploads\/2021\/01\/ZWERG-9753-1026x1536.jpg 1026w, https:\/\/knirpsknips.de\/wp-content\/uploads\/2021\/01\/ZWERG-9753-1367x2048.jpg 1367w, https:\/\/knirpsknips.de\/wp-content\/uploads\/2021\/01\/ZWERG-9753-973x1457.jpg 973w, https:\/\/knirpsknips.de\/wp-content\/uploads\/2021\/01\/ZWERG-9753-508x761.jpg 508w, https:\/\/knirpsknips.de\/wp-content\/uploads\/2021\/01\/ZWERG-9753-scaled.jpg 1709w\" sizes=\"(max-width: 684px) 100vw, 684px\" \/><\/figure>\n<\/figure>\n\n\n\n<p>Dann treffen wir uns zu einem Fotoshooting f\u00fcr  1,5-2 Std.  bei euch zu Hause oder drau\u00dfen an einem sch\u00f6nen Ort eurer Wahl.<br>Ein paar Tage sp\u00e4ter melde ich mich mit Zugangsdaten zu einer Online-Galerie in der ihr eure Bilder gem\u00fctlich von zu Hause anschauen und ausw\u00e4hlen k\u00f6nnt. Im Preis inklusive sind 8 Abz\u00fcge in 13&#215;18 cm oder 4 Bilder als Datei.  Abz\u00fcge sende ich euch dann mit der Post zu und Dateien gibt es ganz schnell und einfach als Downloadlink.<\/p>\n\n\n\n<p>Preise f\u00fcr weitere Bilder findet ihr unter Preise.<\/p>\n\n\n\n<figure class=\"wp-block-gallery has-nested-images columns-default is-cropped wp-block-gallery-2 is-layout-flex wp-block-gallery-is-layout-flex\">\n<figure class=\"wp-block-image size-large\"><img loading=\"lazy\" decoding=\"async\" width=\"684\" height=\"1024\" data-id=\"356\" src=\"https:\/\/neu.knirpsknips.de\/wp-content\/uploads\/2021\/02\/Juri-8416-684x1024.jpg\" alt=\"\" class=\"wp-image-356\" srcset=\"https:\/\/knirpsknips.de\/wp-content\/uploads\/2021\/02\/Juri-8416-684x1024.jpg 684w, https:\/\/knirpsknips.de\/wp-content\/uploads\/2021\/02\/Juri-8416-200x300.jpg 200w, https:\/\/knirpsknips.de\/wp-content\/uploads\/2021\/02\/Juri-8416-768x1150.jpg 768w, https:\/\/knirpsknips.de\/wp-content\/uploads\/2021\/02\/Juri-8416-1026x1536.jpg 1026w, https:\/\/knirpsknips.de\/wp-content\/uploads\/2021\/02\/Juri-8416-1367x2048.jpg 1367w, https:\/\/knirpsknips.de\/wp-content\/uploads\/2021\/02\/Juri-8416-973x1457.jpg 973w, https:\/\/knirpsknips.de\/wp-content\/uploads\/2021\/02\/Juri-8416-508x761.jpg 508w, https:\/\/knirpsknips.de\/wp-content\/uploads\/2021\/02\/Juri-8416-scaled.jpg 1709w\" sizes=\"(max-width: 684px) 100vw, 684px\" \/><\/figure>\n\n\n\n<figure class=\"wp-block-image size-large\"><img loading=\"lazy\" decoding=\"async\" width=\"684\" height=\"1024\" data-id=\"492\" src=\"https:\/\/neu.knirpsknips.de\/wp-content\/uploads\/2021\/02\/FIN-9003-684x1024.jpg\" alt=\"\" class=\"wp-image-492\" srcset=\"https:\/\/knirpsknips.de\/wp-content\/uploads\/2021\/02\/FIN-9003-684x1024.jpg 684w, https:\/\/knirpsknips.de\/wp-content\/uploads\/2021\/02\/FIN-9003-200x300.jpg 200w, https:\/\/knirpsknips.de\/wp-content\/uploads\/2021\/02\/FIN-9003-768x1150.jpg 768w, https:\/\/knirpsknips.de\/wp-content\/uploads\/2021\/02\/FIN-9003-1026x1536.jpg 1026w, https:\/\/knirpsknips.de\/wp-content\/uploads\/2021\/02\/FIN-9003-1367x2048.jpg 1367w, https:\/\/knirpsknips.de\/wp-content\/uploads\/2021\/02\/FIN-9003-973x1457.jpg 973w, https:\/\/knirpsknips.de\/wp-content\/uploads\/2021\/02\/FIN-9003-508x761.jpg 508w, https:\/\/knirpsknips.de\/wp-content\/uploads\/2021\/02\/FIN-9003-scaled.jpg 1709w\" sizes=\"(max-width: 684px) 100vw, 684px\" \/><\/figure>\n\n\n\n<figure class=\"wp-block-image size-large\"><img loading=\"lazy\" decoding=\"async\" width=\"740\" height=\"1024\" data-id=\"238\" src=\"https:\/\/neu.knirpsknips.de\/wp-content\/uploads\/2021\/01\/ZWERG-9252-740x1024.jpg\" alt=\"\" class=\"wp-image-238\" srcset=\"https:\/\/knirpsknips.de\/wp-content\/uploads\/2021\/01\/ZWERG-9252-740x1024.jpg 740w, https:\/\/knirpsknips.de\/wp-content\/uploads\/2021\/01\/ZWERG-9252-217x300.jpg 217w, https:\/\/knirpsknips.de\/wp-content\/uploads\/2021\/01\/ZWERG-9252-768x1063.jpg 768w, https:\/\/knirpsknips.de\/wp-content\/uploads\/2021\/01\/ZWERG-9252-1109x1536.jpg 1109w, https:\/\/knirpsknips.de\/wp-content\/uploads\/2021\/01\/ZWERG-9252-1479x2048.jpg 1479w, https:\/\/knirpsknips.de\/wp-content\/uploads\/2021\/01\/ZWERG-9252-973x1347.jpg 973w, https:\/\/knirpsknips.de\/wp-content\/uploads\/2021\/01\/ZWERG-9252-508x703.jpg 508w, https:\/\/knirpsknips.de\/wp-content\/uploads\/2021\/01\/ZWERG-9252-scaled.jpg 1849w\" sizes=\"(max-width: 740px) 100vw, 740px\" \/><\/figure>\n<\/figure>\n\n\n\n<p><br><br><br>Alle genannten Preise verstehen sich inklusive der gesetzlichen Umsatzsteuer.<\/p>\n","protected":false},"excerpt":{"rendered":"<p>Fotoshooting 199 \u20ac Du m\u00f6chtest sch\u00f6ne Familienfotos haben? Tolle Kinderfotos deiner Kinder? Eine ganz nat\u00fcrliche Homestory deines Familienlebens? Bezaubernde Fotos in der Natur? Oder was ganz anderes spezielles?&#8230;<\/p>\n","protected":false},"author":2,"featured_media":0,"parent":0,"menu_order":0,"comment_status":"closed","ping_status":"closed","template":"","meta":{"footnotes":""},"_links":{"self":[{"href":"https:\/\/knirpsknips.de\/index.php?rest_route=\/wp\/v2\/pages\/616"}],"collection":[{"href":"https:\/\/knirpsknips.de\/index.php?rest_route=\/wp\/v2\/pages"}],"about":[{"href":"https:\/\/knirpsknips.de\/index.php?rest_route=\/wp\/v2\/types\/page"}],"author":[{"embeddable":true,"href":"https:\/\/knirpsknips.de\/index.php?rest_route=\/wp\/v2\/users\/2"}],"replies":[{"embeddable":true,"href":"https:\/\/knirpsknips.de\/index.php?rest_route=%2Fwp%2Fv2%2Fcomments&post=616"}],"version-history":[{"count":6,"href":"https:\/\/knirpsknips.de\/index.php?rest_route=\/wp\/v2\/pages\/616\/revisions"}],"predecessor-version":[{"id":1076,"href":"https:\/\/knirpsknips.de\/index.php?rest_route=\/wp\/v2\/pages\/616\/revisions\/1076"}],"wp:attachment":[{"href":"https:\/\/knirpsknips.de\/index.php?rest_route=%2Fwp%2Fv2%2Fmedia&parent=616"}],"curies":[{"name":"wp","href":"https:\/\/api.w.org\/{rel}","templated":true}]}}